{"id":16,"date":"2018-10-25T12:03:17","date_gmt":"2018-10-25T12:03:17","guid":{"rendered":"http:\/\/marketingagencyb.oxy.host\/?page_id=5"},"modified":"2025-07-10T08:59:14","modified_gmt":"2025-07-10T08:59:14","slug":"kotly-blaze-harmony","status":"publish","type":"page","link":"https:\/\/opop24.pl\/","title":{"rendered":"Home"},"content":{"rendered":"","protected":false},"excerpt":{"rendered":"","protected":false},"author":6,"featured_media":0,"parent":0,"menu_order":0,"comment_status":"closed","ping_status":"closed","template":"","meta":{"footnotes":""},"class_list":["post-16","page","type-page","status-publish","hentry"],"yoast_head":"<!-- This site is optimized with the Yoast SEO plugin v27.3 - https:\/\/yoast.com\/product\/yoast-seo-wordpress\/ -->\n<title>Kot\u0142y zgazowuj\u0105ce na drewno Blaze Harmony<\/title>\n<meta name=\"description\" content=\"Szukasz innowacyjnej technologii grzewczej? Sprawd\u017a BLAZE HARMONY! Kot\u0142y zgazowuj\u0105ce z opatentowanym systemem. Najwy\u017csza jako\u015b\u0107 grzewcza.\" \/>\n<meta name=\"robots\" content=\"index, follow, max-snippet:-1, max-image-preview:large, max-video-preview:-1\" \/>\n<link rel=\"canonical\" href=\"https:\/\/opop24.pl\/\" \/>\n<meta property=\"og:locale\" content=\"pl_PL\" \/>\n<meta property=\"og:type\" content=\"article\" \/>\n<meta property=\"og:title\" content=\"Kot\u0142y zgazowuj\u0105ce na drewno Blaze Harmony\" \/>\n<meta property=\"og:description\" content=\"Szukasz innowacyjnej technologii grzewczej? Sprawd\u017a BLAZE HARMONY! Kot\u0142y zgazowuj\u0105ce z opatentowanym systemem. Najwy\u017csza jako\u015b\u0107 grzewcza.\" \/>\n<meta property=\"og:url\" content=\"https:\/\/opop24.pl\/\" \/>\n<meta property=\"og:site_name\" content=\"Blaze Harmony\" \/>\n<meta property=\"article:modified_time\" content=\"2025-07-10T08:59:14+00:00\" \/>\n<meta property=\"og:image\" content=\"https:\/\/opop24.pl\/wp-content\/uploads\/2025\/06\/4-after-48-hours.png\" \/>\n\t<meta property=\"og:image:width\" content=\"300\" \/>\n\t<meta property=\"og:image:height\" content=\"443\" \/>\n\t<meta property=\"og:image:type\" content=\"image\/png\" \/>\n<meta name=\"twitter:card\" content=\"summary_large_image\" \/>\n<meta name=\"twitter:label1\" content=\"Szacowany czas czytania\" \/>\n\t<meta name=\"twitter:data1\" content=\"4 minuty\" \/>\n<script type=\"application\/ld+json\" class=\"yoast-schema-graph\">{\"@context\":\"https:\\\/\\\/schema.org\",\"@graph\":[{\"@type\":\"WebPage\",\"@id\":\"https:\\\/\\\/opop24.pl\\\/\",\"url\":\"https:\\\/\\\/opop24.pl\\\/\",\"name\":\"Kot\u0142y zgazowuj\u0105ce na drewno Blaze Harmony\",\"isPartOf\":{\"@id\":\"https:\\\/\\\/opop24.pl\\\/#website\"},\"datePublished\":\"2018-10-25T12:03:17+00:00\",\"dateModified\":\"2025-07-10T08:59:14+00:00\",\"description\":\"Szukasz innowacyjnej technologii grzewczej? Sprawd\u017a BLAZE HARMONY! Kot\u0142y zgazowuj\u0105ce z opatentowanym systemem. Najwy\u017csza jako\u015b\u0107 grzewcza.\",\"breadcrumb\":{\"@id\":\"https:\\\/\\\/opop24.pl\\\/#breadcrumb\"},\"inLanguage\":\"pl-PL\",\"potentialAction\":[{\"@type\":\"ReadAction\",\"target\":[\"https:\\\/\\\/opop24.pl\\\/\"]}]},{\"@type\":\"BreadcrumbList\",\"@id\":\"https:\\\/\\\/opop24.pl\\\/#breadcrumb\",\"itemListElement\":[{\"@type\":\"ListItem\",\"position\":1,\"name\":\"Strona g\u0142\u00f3wna\",\"item\":\"https:\\\/\\\/opop24.pl\\\/\"},{\"@type\":\"ListItem\",\"position\":2,\"name\":\"Home\"}]},{\"@type\":\"WebSite\",\"@id\":\"https:\\\/\\\/opop24.pl\\\/#website\",\"url\":\"https:\\\/\\\/opop24.pl\\\/\",\"name\":\"Blaze Harmony\",\"description\":\"Innowacyjny kocio\u0142 na drewno\",\"potentialAction\":[{\"@type\":\"SearchAction\",\"target\":{\"@type\":\"EntryPoint\",\"urlTemplate\":\"https:\\\/\\\/opop24.pl\\\/?s={search_term_string}\"},\"query-input\":{\"@type\":\"PropertyValueSpecification\",\"valueRequired\":true,\"valueName\":\"search_term_string\"}}],\"inLanguage\":\"pl-PL\"}]}<\/script>\n<!-- \/ Yoast SEO plugin. -->","yoast_head_json":{"title":"Kot\u0142y zgazowuj\u0105ce na drewno Blaze Harmony","description":"Szukasz innowacyjnej technologii grzewczej? Sprawd\u017a BLAZE HARMONY! Kot\u0142y zgazowuj\u0105ce z opatentowanym systemem. Najwy\u017csza jako\u015b\u0107 grzewcza.","robots":{"index":"index","follow":"follow","max-snippet":"max-snippet:-1","max-image-preview":"max-image-preview:large","max-video-preview":"max-video-preview:-1"},"canonical":"https:\/\/opop24.pl\/","og_locale":"pl_PL","og_type":"article","og_title":"Kot\u0142y zgazowuj\u0105ce na drewno Blaze Harmony","og_description":"Szukasz innowacyjnej technologii grzewczej? Sprawd\u017a BLAZE HARMONY! Kot\u0142y zgazowuj\u0105ce z opatentowanym systemem. Najwy\u017csza jako\u015b\u0107 grzewcza.","og_url":"https:\/\/opop24.pl\/","og_site_name":"Blaze Harmony","article_modified_time":"2025-07-10T08:59:14+00:00","og_image":[{"width":300,"height":443,"url":"https:\/\/opop24.pl\/wp-content\/uploads\/2025\/06\/4-after-48-hours.png","type":"image\/png"}],"twitter_card":"summary_large_image","twitter_misc":{"Szacowany czas czytania":"4 minuty"},"schema":{"@context":"https:\/\/schema.org","@graph":[{"@type":"WebPage","@id":"https:\/\/opop24.pl\/","url":"https:\/\/opop24.pl\/","name":"Kot\u0142y zgazowuj\u0105ce na drewno Blaze Harmony","isPartOf":{"@id":"https:\/\/opop24.pl\/#website"},"datePublished":"2018-10-25T12:03:17+00:00","dateModified":"2025-07-10T08:59:14+00:00","description":"Szukasz innowacyjnej technologii grzewczej? Sprawd\u017a BLAZE HARMONY! Kot\u0142y zgazowuj\u0105ce z opatentowanym systemem. Najwy\u017csza jako\u015b\u0107 grzewcza.","breadcrumb":{"@id":"https:\/\/opop24.pl\/#breadcrumb"},"inLanguage":"pl-PL","potentialAction":[{"@type":"ReadAction","target":["https:\/\/opop24.pl\/"]}]},{"@type":"BreadcrumbList","@id":"https:\/\/opop24.pl\/#breadcrumb","itemListElement":[{"@type":"ListItem","position":1,"name":"Strona g\u0142\u00f3wna","item":"https:\/\/opop24.pl\/"},{"@type":"ListItem","position":2,"name":"Home"}]},{"@type":"WebSite","@id":"https:\/\/opop24.pl\/#website","url":"https:\/\/opop24.pl\/","name":"Blaze Harmony","description":"Innowacyjny kocio\u0142 na drewno","potentialAction":[{"@type":"SearchAction","target":{"@type":"EntryPoint","urlTemplate":"https:\/\/opop24.pl\/?s={search_term_string}"},"query-input":{"@type":"PropertyValueSpecification","valueRequired":true,"valueName":"search_term_string"}}],"inLanguage":"pl-PL"}]}},"_links":{"self":[{"href":"https:\/\/opop24.pl\/index.php?rest_route=\/wp\/v2\/pages\/16","targetHints":{"allow":["GET"]}}],"collection":[{"href":"https:\/\/opop24.pl\/index.php?rest_route=\/wp\/v2\/pages"}],"about":[{"href":"https:\/\/opop24.pl\/index.php?rest_route=\/wp\/v2\/types\/page"}],"author":[{"embeddable":true,"href":"https:\/\/opop24.pl\/index.php?rest_route=\/wp\/v2\/users\/6"}],"replies":[{"embeddable":true,"href":"https:\/\/opop24.pl\/index.php?rest_route=%2Fwp%2Fv2%2Fcomments&post=16"}],"version-history":[{"count":2,"href":"https:\/\/opop24.pl\/index.php?rest_route=\/wp\/v2\/pages\/16\/revisions"}],"predecessor-version":[{"id":83,"href":"https:\/\/opop24.pl\/index.php?rest_route=\/wp\/v2\/pages\/16\/revisions\/83"}],"wp:attachment":[{"href":"https:\/\/opop24.pl\/index.php?rest_route=%2Fwp%2Fv2%2Fmedia&parent=16"}],"curies":[{"name":"wp","href":"https:\/\/api.w.org\/{rel}","templated":true}]}}